{"id":21,"date":"2020-10-05T08:27:19","date_gmt":"2020-10-05T08:27:19","guid":{"rendered":"https:\/\/frasmus.dk\/?page_id=21"},"modified":"2020-10-05T13:55:41","modified_gmt":"2020-10-05T13:55:41","slug":"om","status":"publish","type":"page","link":"https:\/\/frasmus.dk\/index.php\/om\/","title":{"rendered":"OM"},"content":{"rendered":"\r\n<p>Du er m\u00e5ske en kunstner, der gerne vil introducere dig selv og dine v\u00e6rker her &#8211; eller m\u00e5ske har du en virksomhed med en mission, der skal beskrives.<\/p>\r\n","protected":false},"excerpt":{"rendered":"<p>Du er m\u00e5ske en kunstner, der gerne vil introducere dig selv og dine v\u00e6rker her &#8211; eller m\u00e5ske har du en virksomhed med en mission, der skal beskrives.<\/p>\n","protected":false},"author":1,"featured_media":0,"parent":0,"menu_order":0,"comment_status":"closed","ping_status":"closed","template":"","meta":{"footnotes":""},"class_list":["post-21","page","type-page","status-publish","hentry"],"yoast_head":"<!-- This site is optimized with the Yoast SEO plugin v26.9 - https:\/\/yoast.com\/product\/yoast-seo-wordpress\/ -->\n<title>OM - FRASMUS. DK<\/title>\n<meta name=\"robots\" content=\"index, follow, max-snippet:-1, max-image-preview:large, max-video-preview:-1\" \/>\n<link rel=\"canonical\" href=\"https:\/\/frasmus.dk\/index.php\/om\/\" \/>\n<script type=\"application\/ld+json\" class=\"yoast-schema-graph\">{\"@context\":\"https:\/\/schema.org\",\"@graph\":[{\"@type\":\"BreadcrumbList\",\"@id\":\"https:\/\/frasmus.dk\/index.php\/om\/#breadcrumb\",\"itemListElement\":[{\"@type\":\"ListItem\",\"position\":1,\"name\":\"Hjem\",\"item\":\"https:\/\/frasmus.dk\/\"},{\"@type\":\"ListItem\",\"position\":2,\"name\":\"OM\"}]}]}<\/script>\n<!-- \/ Yoast SEO plugin. -->","yoast_head_json":{"title":"OM - FRASMUS. DK","robots":{"index":"index","follow":"follow","max-snippet":"max-snippet:-1","max-image-preview":"max-image-preview:large","max-video-preview":"max-video-preview:-1"},"canonical":"https:\/\/frasmus.dk\/index.php\/om\/","schema":{"@context":"https:\/\/schema.org","@graph":[{"@type":"BreadcrumbList","@id":"https:\/\/frasmus.dk\/index.php\/om\/#breadcrumb","itemListElement":[{"@type":"ListItem","position":1,"name":"Hjem","item":"https:\/\/frasmus.dk\/"},{"@type":"ListItem","position":2,"name":"OM"}]}]}},"_links":{"self":[{"href":"https:\/\/frasmus.dk\/index.php\/wp-json\/wp\/v2\/pages\/21","targetHints":{"allow":["GET"]}}],"collection":[{"href":"https:\/\/frasmus.dk\/index.php\/wp-json\/wp\/v2\/pages"}],"about":[{"href":"https:\/\/frasmus.dk\/index.php\/wp-json\/wp\/v2\/types\/page"}],"author":[{"embeddable":true,"href":"https:\/\/frasmus.dk\/index.php\/wp-json\/wp\/v2\/users\/1"}],"replies":[{"embeddable":true,"href":"https:\/\/frasmus.dk\/index.php\/wp-json\/wp\/v2\/comments?post=21"}],"version-history":[{"count":2,"href":"https:\/\/frasmus.dk\/index.php\/wp-json\/wp\/v2\/pages\/21\/revisions"}],"predecessor-version":[{"id":68,"href":"https:\/\/frasmus.dk\/index.php\/wp-json\/wp\/v2\/pages\/21\/revisions\/68"}],"wp:attachment":[{"href":"https:\/\/frasmus.dk\/index.php\/wp-json\/wp\/v2\/media?parent=21"}],"curies":[{"name":"wp","href":"https:\/\/api.w.org\/{rel}","templated":true}]}}